{"id":279,"date":"2015-02-22T22:07:04","date_gmt":"2015-02-22T21:07:04","guid":{"rendered":"https:\/\/publikumskonferenz.de\/blog\/?page_id=279"},"modified":"2024-10-01T12:26:27","modified_gmt":"2024-10-01T11:26:27","slug":"foerdermitgliedschaft","status":"publish","type":"page","link":"https:\/\/publikumskonferenz.de\/blog\/foerdermitgliedschaft\/","title":{"rendered":"Jetzt F\u00f6rdermitglied werden!"},"content":{"rendered":"<p><strong>Wenn Sie Interesse daran haben, die Publikumskonferenz auch ohne Mitgliedschaft zu unterst\u00fctzen, dann k\u00f6nnen Sie das durch eine F\u00f6rdermitgliedschaft tun. <\/strong><strong>Regelm\u00e4\u00dfige Zuwendungen helfen dem Team der Publikumskonferenz langfristig zu planen und die Arbeit stetig im Sinne des Vereins-Statutes zu verbessern. Leider k\u00f6nnen wir keine Zuwendungsbest\u00e4tigung f\u00fcr steuerbeg\u00fcnstigte Zwecke ausstellen.<br \/>\n<\/strong><\/p>\n<p><strong><a href=\"https:\/\/publikumskonferenz.de\/blog\/impressum\/\">Kontaktieren<\/a> Sie uns! Wir freuen uns auf Ihre Mithilfe!<\/strong><\/p>\n<div class=\"twoclick_social_bookmarks_post_279 social_share_privacy clearfix 1.6.4 locale-de_DE sprite-de_DE\"><\/div><div class=\"twoclick-js\"><script type=\"text\/javascript\">\/* <![CDATA[ *\/\njQuery(document).ready(function($){if($('.twoclick_social_bookmarks_post_279')){$('.twoclick_social_bookmarks_post_279').socialSharePrivacy({\"services\":{\"facebook\":{\"status\":\"on\",\"txt_info\":\"2 Klicks f\\u00fcr mehr Datenschutz: Erst wenn Sie hier klicken, wird der Button aktiv und Sie k\\u00f6nnen Ihre Empfehlung an Facebook senden. Schon beim Aktivieren werden Daten an Dritte \\u00fcbertragen - siehe <em>i<\\\/em>.\",\"perma_option\":\"off\",\"action\":\"like\",\"language\":\"de_DE\"},\"twitter\":{\"reply_to\":\"\",\"tweet_text\":\"%20Jetzt%20F%C3%B6rdermitglied%20werden%21%20%C2%BB%20St%C3%A4ndige%20Publikumskonferenz%20der%20...\",\"status\":\"on\",\"txt_info\":\"2 Klicks f\\u00fcr mehr Datenschutz: Erst wenn Sie hier klicken, wird der Button aktiv und Sie k\\u00f6nnen Ihre Empfehlung an Twitter senden. Schon beim Aktivieren werden Daten an Dritte \\u00fcbertragen - siehe <em>i<\\\/em>.\",\"perma_option\":\"off\",\"language\":\"de\",\"referrer_track\":\"\"}},\"txt_help\":\"Wenn Sie diese Felder durch einen Klick aktivieren, werden Informationen an Facebook, Twitter, Flattr, Xing, t3n, LinkedIn, Pinterest oder Google eventuell ins Ausland \\u00fcbertragen und unter Umst\\u00e4nden auch dort gespeichert. N\\u00e4heres erfahren Sie durch einen Klick auf das <em>i<\\\/em>.\",\"settings_perma\":\"Dauerhaft aktivieren und Daten\\u00fcber-tragung zustimmen:\",\"info_link\":\"http:\\\/\\\/www.heise.de\\\/ct\\\/artikel\\\/2-Klicks-fuer-mehr-Datenschutz-1333879.html\",\"uri\":\"https:\\\/\\\/publikumskonferenz.de\\\/blog\\\/foerdermitgliedschaft\\\/\",\"post_id\":279,\"post_title_referrer_track\":\"Jetzt+F%C3%B6rdermitglied+werden%21\",\"display_infobox\":\"on\"});}});\n\/* ]]> *\/<\/script><\/div>","protected":false},"excerpt":{"rendered":"<p>Wenn Sie Interesse daran haben, die Publikumskonferenz auch ohne Mitgliedschaft zu unterst\u00fctzen, dann k\u00f6nnen Sie das durch eine F\u00f6rdermitgliedschaft tun. Regelm\u00e4\u00dfige Zuwendungen helfen dem Team der Publikumskonferenz langfristig zu planen und die Arbeit stetig im Sinne des Vereins-Statutes zu verbessern. &hellip;<\/p>\n<p class=\"read-more\"> <a class=\"more-link\" href=\"https:\/\/publikumskonferenz.de\/blog\/foerdermitgliedschaft\/\"> <span class=\"screen-reader-text\">Jetzt F\u00f6rdermitglied werden!<\/span> Weiterlesen &raquo;<\/a><\/p>\n","protected":false},"author":2,"featured_media":0,"parent":0,"menu_order":0,"comment_status":"closed","ping_status":"closed","template":"","meta":{"footnotes":""},"class_list":["post-279","page","type-page","status-publish","hentry"],"_links":{"self":[{"href":"https:\/\/publikumskonferenz.de\/blog\/wp-json\/wp\/v2\/pages\/279","targetHints":{"allow":["GET"]}}],"collection":[{"href":"https:\/\/publikumskonferenz.de\/blog\/wp-json\/wp\/v2\/pages"}],"about":[{"href":"https:\/\/publikumskonferenz.de\/blog\/wp-json\/wp\/v2\/types\/page"}],"author":[{"embeddable":true,"href":"https:\/\/publikumskonferenz.de\/blog\/wp-json\/wp\/v2\/users\/2"}],"replies":[{"embeddable":true,"href":"https:\/\/publikumskonferenz.de\/blog\/wp-json\/wp\/v2\/comments?post=279"}],"version-history":[{"count":5,"href":"https:\/\/publikumskonferenz.de\/blog\/wp-json\/wp\/v2\/pages\/279\/revisions"}],"predecessor-version":[{"id":9804,"href":"https:\/\/publikumskonferenz.de\/blog\/wp-json\/wp\/v2\/pages\/279\/revisions\/9804"}],"wp:attachment":[{"href":"https:\/\/publikumskonferenz.de\/blog\/wp-json\/wp\/v2\/media?parent=279"}],"curies":[{"name":"wp","href":"https:\/\/api.w.org\/{rel}","templated":true}]}}