{"id":3596,"date":"2018-05-27T07:58:38","date_gmt":"2018-05-27T06:58:38","guid":{"rendered":"https:\/\/publikumskonferenz.de\/blog\/?page_id=3596"},"modified":"2025-12-23T17:41:03","modified_gmt":"2025-12-23T16:41:03","slug":"ueber-uns-2","status":"publish","type":"page","link":"https:\/\/publikumskonferenz.de\/blog\/ueber-uns-2\/","title":{"rendered":"\u00dcber uns"},"content":{"rendered":"<blockquote>\n<h3>Wie alles begann&#8230;<\/h3>\n<\/blockquote>\n<p><strong>Gr\u00fcndung des Vereins \/ Bekanntmachung<\/strong><\/p>\n<p><strong>St\u00e4ndige Publikumskonferenz der \u00f6ffentlich-rechtlichen Medien<\/strong><\/p>\n<p>Sehr geehrte Damen und Herren,<\/p>\n<p>am 28. Februar 2014 gr\u00fcndeten interessierte und kritische Rezipienten in Leipzig den Verein \u201eSt\u00e4ndige Publikumskonferenz der \u00f6ffentlich-rechtlichen Medien\u201c und legten damit den Grundstein f\u00fcr den Aufbau einer unabh\u00e4ngigen, demokratischen Kontroll- und Beschwerdeinstanz f\u00fcr die \u00f6ffentlich-rechtlichen Medien.<\/p>\n<p>Angesichts der medial vielbeachteten, enormen Beteiligung von nahezu einer viertel Million Mitzeichnern an der sogenannten Lanz-Petition, sieht sich der Verein als aktiver Mittler zwischen kritischen Beitragszahlern und \u00f6ffentlich-rechtlichen Medien.<\/p>\n<p><iframe loading=\"lazy\"  id=\"_ytid_33251\"  width=\"605\" height=\"340\"  data-origwidth=\"605\" data-origheight=\"340\" src=\"https:\/\/www.youtube.com\/embed\/VyXndVP2tpw?enablejsapi=1&#038;autoplay=0&#038;cc_load_policy=0&#038;cc_lang_pref=&#038;iv_load_policy=1&#038;loop=0&#038;rel=1&#038;fs=1&#038;playsinline=0&#038;autohide=2&#038;theme=dark&#038;color=red&#038;controls=1&#038;disablekb=0&#038;\" class=\"__youtube_prefs__  epyt-is-override  no-lazyload\" title=\"YouTube player\"  allow=\"fullscreen; accelerometer; autoplay; clipboard-write; encrypted-media; gyroscope; picture-in-picture; web-share\" referrerpolicy=\"strict-origin-when-cross-origin\" allowfullscreen data-no-lazy=\"1\" data-skipgform_ajax_framebjll=\"\"><\/iframe><\/p>\n<p>Zweck des Vereins ist die Erlangung und F\u00f6rderung von Medienkompetenz, demokratischer und kultureller Bildung, sowie der demokratischen Mitsprache bei der Umsetzung des gesellschaftlichen Programm- und Bildungsauftrages.<\/p>\n<p>Der Verein ist als demokratische Rezipienteninitiative offen f\u00fcr die Zusammenarbeit mit gleichgesinnten Initiativen ohne eigenwirtschaftliche Interessen.<\/p>\n<p>F\u00fcr die inhaltliche und programmatische Arbeit wird der Vorstand \u00fcber die Satzung hinaus eine Programmdiskussion im Internet, insbesondere im Forum http:\/\/www.publikumskonferenz.de\/ sowie im Wiki der Konferenz anregen, um spezielle Ziele und Vorhaben gemeinsam zu erarbeiten und zu pr\u00e4zisieren.<\/p>\n<p>Die Vorstandsvorsitzende Maren M\u00fcller \u00e4u\u00dferte im Zuge der Gr\u00fcndungsversammlung ihre Zuversicht, <em>\u201edas wachsende Interesse an direkter B\u00fcrgerbeteiligung aufzugreifen und entsprechende Anregungen in konkrete programmatische Zielvorgaben des Vereins umzusetzen.\u201c<\/em><\/p>\n<p>Maren M\u00fcller weiter:<\/p>\n<p><em>\u201eNur durch das transparente F\u00fchren der l\u00e4ngst \u00fcberf\u00e4lligen, politischen Debatte \u00fcber Qualit\u00e4t und Strukturen der \u00f6ffentlich-rechtlichen Medienanstalten kann das Vertrauen des Publikums zur\u00fcckgewonnen werden. Auch wenn sich die Akteure im \u201eLanz-Streit\u201c geeinigt haben, bedeutet das nur einen vor\u00fcbergehenden Burgfrieden. Anstelle einer \u201eMedien-Politik-Phalanx\u201c als Versorgungswerk f\u00fcr Talkmaster und Werbeindustrie, muss das \u00d6ffentlich-Rechtliche wieder zur freien Meinungsbildung und zum eindeutigen Bildungsauftrag zur\u00fcckkehren. Die Symbiose zwischen \u00f6ffentlich-rechtlichen Medien und Politik kann nur der umfassenden und transparenten Information der B\u00fcrgerinnen und B\u00fcrger ohne vorgefasste, und der amtierenden Regierungspolitik zurechtgebogene, Meinung dienen.<\/em><\/p>\n<p>Zu diesen Themen haben sich bereits erste Kontakte mit Medienexperten entwickelt, denen an der wissenschaftlichen Begleitung einer breiten und freien gesellschaftlichen Meinungsbildung gelegen ist.\u201c<\/p>\n<p>F\u00fcr weitere Fragen stehen Ihnen das Team der Publikumskonferenz unter info@publikumskonferenz.de zur Verf\u00fcgung.<\/p>\n<p>Mit freundlichen Gr\u00fc\u00dfen<\/p>\n<p>Maren M\u00fcller<\/p>\n<hr \/>\n<p><strong>Satzung und Beitragsordnung<br \/>\n<\/strong><\/p>\n<p><a href=\"https:\/\/publikumskonferenz.de\/blog\/wp-content\/uploads\/2023\/10\/Satzung-neu-Weimar.pdf\">Satzung <\/a><\/p>\n<p><a href=\"https:\/\/publikumskonferenz.de\/blog\/wp-content\/uploads\/2014\/03\/Beitragsordnung.pdf\">Beitragsordnung<\/a><\/p>\n<p><strong>Mitgliedsantrag:<\/strong><\/p>\n<p><a href=\"https:\/\/publikumskonferenz.de\/blog\/wp-content\/uploads\/2025\/12\/Mitgliedsantrag-2.pdf\">Mitgliedsantrag<\/a><\/p>\n<p><strong>F\u00fcr die Teilnahme am Lastschriftverfahren:<\/strong><\/p>\n<p><a href=\"https:\/\/publikumskonferenz.de\/blog\/wp-content\/uploads\/2024\/10\/SEPA-Basislastschriftmandat1.pdf\">SEPA-Basislastschriftmandat1<\/a><\/p>\n<p><a href=\"https:\/\/publikumskonferenz.de\/blog\/wp-content\/uploads\/2015\/01\/SEPA-Firmenlastschriftmandat-1.pdf\">SEPA-Firmenlastschriftmandat 1<\/a><\/p>\n<p>&nbsp;<\/p>\n<p><span style=\"background-color: #f86d0e; padding: 30px; margin-left: 30px;\"><a style=\"color: white; font-size: 20px;\" href=\"https:\/\/publikumskonferenz.de\/blog\/foerdermitgliedschaft\/\">F\u00f6rdermitglied werden<\/a><\/span><\/p>\n<p>&nbsp;<\/p>\n<p>Rechtliche Hinweise:<\/p>\n<p>F\u00fcr die Beitrittserkl\u00e4rung kann neben der Schriftform auch jede andere Form der Willenserkl\u00e4rung vorgesehen werden. Hierzu geh\u00f6rt auch die Textform nach \u00a7 126b BGB. Es handelt sich hierbei um jede lesbare, zur dauerhaften Wiedergabe geeignete Erkl\u00e4rung, in der<\/p>\n<ul>\n<li>der Ersteller der entsprechenden Urkunde genannt wird,<\/li>\n<li>aus der \u201edurch Nachbildung der Namensunterschrift oder anders\u201c der Abschluss der Willenserkl\u00e4rung erkennbar ist und<\/li>\n<li>klar erkennbar ist, dass die Erkl\u00e4rung abgegeben wurde.<\/li>\n<\/ul>\n<p>Anders als bei der \u201eSchriftform\u201c (\u00a7 126 BGB), die eine \u201eeigenh\u00e4ndige Namensunterschrift\u201c erfordert, kann diese Erkl\u00e4rung auch per Fax, SMS oder eben auch per E-Mail abgegeben werden. Einer eigenh\u00e4ndigen Unterschrift bedarf es hier nicht.<\/p>\n<p><strong>HINWEIS:<\/strong> In der Praxis kann also das k\u00fcnftige Mitglied seine Beitrittserkl\u00e4rung z. B. \u00fcber die Internetseite des Vereins auf einer dort vorgehaltenen Maske \u201eBeitrittsformular\u201c abgeben, diese also online ausf\u00fcllen.<\/p>\n<p><strong>Schutz vor Missbrauch durch Double-Opt-In-Verfahren<\/strong><\/p>\n<p>Aus Sicherheitsgr\u00fcnden und um Missbrauch zu verhindern, sollten Online-Beitritte durch das sogenannte \u201eDouble-Opt-In-Verfahren\u201c abgesichert werden. Meist wird hierzu eine E-Mail-Nachricht mit Bitte um Best\u00e4tigung des Beitritts an die angegebene E-Mail-Adresse gesandt. Erst nachdem das potenzielle Mitglied seinen Online-Beitritt best\u00e4tigt hat, kann dieser wirksam werden.<\/p>\n<p>So kann sichergestellt werden, dass nicht irgendjemand im Namen eines beliebigen anderen mit dessen E-Mail-Adresse die Erkl\u00e4rung in der Maske abgibt.<\/p>\n<hr \/>\n<p><strong>Rechenschaftsbericht 2014\/2015<\/strong><\/p>\n<p><a href=\"https:\/\/publikumskonferenz.de\/blog\/wp-content\/uploads\/2018\/05\/Rechenschaftsbericht.pdf\">Rechenschaftsbericht<\/a><\/p>\n<hr \/>\n<p><strong>Rechenschaftsbericht 2016\/2017\/2018<\/strong><br \/>\n<a href=\"https:\/\/publikumskonferenz.de\/blog\/wp-content\/uploads\/2018\/05\/Rechenschaftsbericht16_19-1.pdf\">Rechenschaftsbericht16_19-1<\/a><\/p>\n<hr \/>\n<p><strong>Rechenschaftsbericht 2019\/2020\/2021<\/strong><\/p>\n<p><a href=\"https:\/\/publikumskonferenz.de\/blog\/wp-content\/uploads\/2023\/03\/Rechenschaftsbericht-19-21.pdf\">Rechenschaftsbericht 19-21<\/a><\/p>\n<hr \/>\n<div title=\"Shift-Klick, um dieses Widget zu bearbeiten.\"><strong>Rechenschaftsbericht 2022\/2023<\/strong><\/div>\n<div title=\"Shift-Klick, um dieses Widget zu bearbeiten.\">\n<p><a href=\"https:\/\/publikumskonferenz.de\/blog\/wp-content\/uploads\/2024\/03\/Rechenschaftsbericht22_23.pdf\">Rechenschaftsbericht22_23<\/a><\/p>\n<p><a href=\"https:\/\/publikumskonferenz.de\/blog\/wp-content\/uploads\/2024\/03\/Protokoll_Vorstandswahl.pdf\">Protokoll_Vorstandswahl<\/a><\/p>\n<\/div>\n<div class=\"newsletter\" title=\"Shift-Klick, um dieses Widget zu bearbeiten.\">\n<div title=\"Shift-Klick, um dieses Widget zu bearbeiten.\"><\/div>\n<\/div>\n<div class=\"twoclick_social_bookmarks_post_3596 social_share_privacy clearfix 1.6.4 locale-de_DE sprite-de_DE\"><\/div><div class=\"twoclick-js\"><script type=\"text\/javascript\">\/* <![CDATA[ *\/\njQuery(document).ready(function($){if($('.twoclick_social_bookmarks_post_3596')){$('.twoclick_social_bookmarks_post_3596').socialSharePrivacy({\"services\":{\"facebook\":{\"status\":\"on\",\"txt_info\":\"2 Klicks f\\u00fcr mehr Datenschutz: Erst wenn Sie hier klicken, wird der Button aktiv und Sie k\\u00f6nnen Ihre Empfehlung an Facebook senden. Schon beim Aktivieren werden Daten an Dritte \\u00fcbertragen - siehe <em>i<\\\/em>.\",\"perma_option\":\"off\",\"action\":\"like\",\"language\":\"de_DE\"},\"twitter\":{\"reply_to\":\"\",\"tweet_text\":\"%20%C3%9Cber%20uns%20%C2%BB%20St%C3%A4ndige%20Publikumskonferenz%20der%20%C3%B6ffentlich-rechtlichen%20Medien%20...\",\"status\":\"on\",\"txt_info\":\"2 Klicks f\\u00fcr mehr Datenschutz: Erst wenn Sie hier klicken, wird der Button aktiv und Sie k\\u00f6nnen Ihre Empfehlung an Twitter senden. Schon beim Aktivieren werden Daten an Dritte \\u00fcbertragen - siehe <em>i<\\\/em>.\",\"perma_option\":\"off\",\"language\":\"de\",\"referrer_track\":\"\"}},\"txt_help\":\"Wenn Sie diese Felder durch einen Klick aktivieren, werden Informationen an Facebook, Twitter, Flattr, Xing, t3n, LinkedIn, Pinterest oder Google eventuell ins Ausland \\u00fcbertragen und unter Umst\\u00e4nden auch dort gespeichert. N\\u00e4heres erfahren Sie durch einen Klick auf das <em>i<\\\/em>.\",\"settings_perma\":\"Dauerhaft aktivieren und Daten\\u00fcber-tragung zustimmen:\",\"info_link\":\"http:\\\/\\\/www.heise.de\\\/ct\\\/artikel\\\/2-Klicks-fuer-mehr-Datenschutz-1333879.html\",\"uri\":\"https:\\\/\\\/publikumskonferenz.de\\\/blog\\\/ueber-uns-2\\\/\",\"post_id\":3596,\"post_title_referrer_track\":\"%C3%9Cber+uns\",\"display_infobox\":\"on\"});}});\n\/* ]]> *\/<\/script><\/div>","protected":false},"excerpt":{"rendered":"<p>Wie alles begann&#8230; Gr\u00fcndung des Vereins \/ Bekanntmachung St\u00e4ndige Publikumskonferenz der \u00f6ffentlich-rechtlichen Medien Sehr geehrte Damen und Herren, am 28. Februar 2014 gr\u00fcndeten interessierte und kritische Rezipienten in Leipzig den Verein \u201eSt\u00e4ndige Publikumskonferenz der \u00f6ffentlich-rechtlichen Medien\u201c und legten damit den &hellip;<\/p>\n<p class=\"read-more\"> <a class=\"more-link\" href=\"https:\/\/publikumskonferenz.de\/blog\/ueber-uns-2\/\"> <span class=\"screen-reader-text\">\u00dcber uns<\/span> Weiterlesen &raquo;<\/a><\/p>\n","protected":false},"author":2,"featured_media":0,"parent":0,"menu_order":0,"comment_status":"closed","ping_status":"closed","template":"","meta":{"footnotes":""},"class_list":["post-3596","page","type-page","status-publish","hentry"],"_links":{"self":[{"href":"https:\/\/publikumskonferenz.de\/blog\/wp-json\/wp\/v2\/pages\/3596","targetHints":{"allow":["GET"]}}],"collection":[{"href":"https:\/\/publikumskonferenz.de\/blog\/wp-json\/wp\/v2\/pages"}],"about":[{"href":"https:\/\/publikumskonferenz.de\/blog\/wp-json\/wp\/v2\/types\/page"}],"author":[{"embeddable":true,"href":"https:\/\/publikumskonferenz.de\/blog\/wp-json\/wp\/v2\/users\/2"}],"replies":[{"embeddable":true,"href":"https:\/\/publikumskonferenz.de\/blog\/wp-json\/wp\/v2\/comments?post=3596"}],"version-history":[{"count":30,"href":"https:\/\/publikumskonferenz.de\/blog\/wp-json\/wp\/v2\/pages\/3596\/revisions"}],"predecessor-version":[{"id":11250,"href":"https:\/\/publikumskonferenz.de\/blog\/wp-json\/wp\/v2\/pages\/3596\/revisions\/11250"}],"wp:attachment":[{"href":"https:\/\/publikumskonferenz.de\/blog\/wp-json\/wp\/v2\/media?parent=3596"}],"curies":[{"name":"wp","href":"https:\/\/api.w.org\/{rel}","templated":true}]}}